{"id":3575,"date":"2023-03-25T14:45:02","date_gmt":"2023-03-25T12:45:02","guid":{"rendered":"http:\/\/linkingbirds.com\/green-square-dueren\/"},"modified":"2024-05-14T11:51:24","modified_gmt":"2024-05-14T09:51:24","slug":"green-square-dueren","status":"publish","type":"page","link":"https:\/\/linkingbirds.com\/fr\/green-square-dueren\/","title":{"rendered":"GREENSQUARE D\u00fcren"},"content":{"rendered":"\t\t<div data-elementor-type=\"wp-page\" data-elementor-id=\"3575\" class=\"elementor elementor-3575 elementor-2136\">\n\t\t\t\t\t\t<section class=\"elementor-section elementor-top-section elementor-element elementor-element-086d7c9 elementor-section-full_width elementor-section-height-default elementor-section-height-default wpr-particle-no wpr-jarallax-no wpr-parallax-no wpr-sticky-section-no wpr-equal-height-no\" data-id=\"086d7c9\" data-element_type=\"section\" data-settings=\"{&quot;background_background&quot;:&quot;classic&quot;}\">\n\t\t\t\t\t\t\t<div class=\"elementor-background-overlay\"><\/div>\n\t\t\t\t\t\t\t<div class=\"elementor-container elementor-column-gap-default\">\n\t\t\t\t\t<div class=\"elementor-column elementor-col-100 elementor-top-column elementor-element elementor-element-59d5f81\" data-id=\"59d5f81\" data-element_type=\"column\">\n\t\t\t<div class=\"elementor-widget-wrap elementor-element-populated\">\n\t\t\t\t\t\t<div class=\"elementor-element elementor-element-26e78c2 elementor-widget elementor-widget-heading\" data-id=\"26e78c2\" data-element_type=\"widget\" data-widget_type=\"heading.default\">\n\t\t\t\t<div class=\"elementor-widget-container\">\n\t\t\t\t\t<h2 class=\"elementor-heading-title elementor-size-default\">GREENSQUARE D\u00dcREN<\/h2>\t\t\t\t<\/div>\n\t\t\t\t<\/div>\n\t\t\t\t<div class=\"elementor-element elementor-element-69589b0 elementor-widget elementor-widget-text-editor\" data-id=\"69589b0\" data-element_type=\"widget\" data-widget_type=\"text-editor.default\">\n\t\t\t\t<div class=\"elementor-widget-container\">\n\t\t\t\t\t\t\t\t\t<p>Notre GREENSQUARE offre un lieu de formation et d&rsquo;\u00e9v\u00e9nement unique et sp\u00e9cial pour votre entreprise ou votre f\u00eate priv\u00e9e.<\/p>\n\t\t\t\t\t\t\t\t<\/div>\n\t\t\t\t<\/div>\n\t\t\t\t<div class=\"elementor-element elementor-element-d1d9671 elementor-widget elementor-widget-text-editor\" data-id=\"d1d9671\" data-element_type=\"widget\" data-widget_type=\"text-editor.default\">\n\t\t\t\t<div class=\"elementor-widget-container\">\n\t\t\t\t\t\t\t\t\t<p>Qu&rsquo;il s&rsquo;agisse de la formation de vos collaborateurs, d&rsquo;une pr\u00e9sentation de produit, d&rsquo;un mariage libre ou d&rsquo;une c\u00e9r\u00e9monie fun\u00e9raire, nous nous ferons un plaisir de planifier et d&rsquo;organiser votre \u00e9v\u00e9nement avec vous et de vous faire une offre.<\/p>\n\t\t\t\t\t\t\t\t<\/div>\n\t\t\t\t<\/div>\n\t\t\t\t<div class=\"elementor-element elementor-element-060c60b elementor-widget elementor-widget-text-editor\" data-id=\"060c60b\" data-element_type=\"widget\" data-widget_type=\"text-editor.default\">\n\t\t\t\t<div class=\"elementor-widget-container\">\n\t\t\t\t\t\t\t\t\t<p>Entour\u00e9 de for\u00eats et de nature, il est situ\u00e9 au carrefour de l&rsquo;Allemagne, de la Belgique et des Pays-Bas et est \u00e9galement facile d&rsquo;acc\u00e8s pour les r\u00e9gions urbaines d&rsquo;Aix-la-Chapelle, de D\u00fcsseldorf, de Cologne et de Bonn.<\/p>\n\t\t\t\t\t\t\t\t<\/div>\n\t\t\t\t<\/div>\n\t\t\t\t<div class=\"elementor-element elementor-element-1c0fc2c elementor-widget elementor-widget-button\" data-id=\"1c0fc2c\" data-element_type=\"widget\" data-widget_type=\"button.default\">\n\t\t\t\t<div class=\"elementor-widget-container\">\n\t\t\t\t\t\t\t\t\t<div class=\"elementor-button-wrapper\">\n\t\t\t\t\t<a class=\"elementor-button elementor-button-link elementor-size-md elementor-animation-shrink\" href=\"#Anfrage\">\n\t\t\t\t\t\t<span class=\"elementor-button-content-wrapper\">\n\t\t\t\t\t\t\t\t\t<span class=\"elementor-button-text\">Demandez maintenant et r\u00e9servez un rendez-vous<\/span>\n\t\t\t\t\t<\/span>\n\t\t\t\t\t<\/a>\n\t\t\t\t<\/div>\n\t\t\t\t\t\t\t\t<\/div>\n\t\t\t\t<\/div>\n\t\t\t\t\t<\/div>\n\t\t<\/div>\n\t\t\t\t\t<\/div>\n\t\t<\/section>\n\t\t\t\t<section class=\"elementor-section elementor-top-section elementor-element elementor-element-8e2b69c elementor-section-full_width elementor-section-height-default elementor-section-height-default wpr-particle-no wpr-jarallax-no wpr-parallax-no wpr-sticky-section-no wpr-equal-height-no\" data-id=\"8e2b69c\" data-element_type=\"section\" data-settings=\"{&quot;background_background&quot;:&quot;classic&quot;}\">\n\t\t\t\t\t\t\t<div class=\"elementor-background-overlay\"><\/div>\n\t\t\t\t\t\t\t<div class=\"elementor-container elementor-column-gap-default\">\n\t\t\t\t\t<div class=\"elementor-column elementor-col-100 elementor-top-column elementor-element elementor-element-aba3035\" data-id=\"aba3035\" data-element_type=\"column\">\n\t\t\t<div class=\"elementor-widget-wrap elementor-element-populated\">\n\t\t\t\t\t\t<section class=\"elementor-section elementor-inner-section elementor-element elementor-element-cf12a7f elementor-section-boxed elementor-section-height-default elementor-section-height-default wpr-particle-no wpr-jarallax-no wpr-parallax-no wpr-sticky-section-no wpr-equal-height-no\" data-id=\"cf12a7f\" data-element_type=\"section\">\n\t\t\t\t\t\t<div class=\"elementor-container elementor-column-gap-default\">\n\t\t\t\t\t<div class=\"elementor-column elementor-col-33 elementor-inner-column elementor-element elementor-element-65424bf elementor-invisible\" data-id=\"65424bf\" data-element_type=\"column\" data-settings=\"{&quot;animation&quot;:&quot;fadeInLeft&quot;}\">\n\t\t\t<div class=\"elementor-widget-wrap\">\n\t\t\t\t\t\t\t<\/div>\n\t\t<\/div>\n\t\t\t\t<div class=\"elementor-column elementor-col-33 elementor-inner-column elementor-element elementor-element-817b342 elementor-invisible\" data-id=\"817b342\" data-element_type=\"column\" data-settings=\"{&quot;animation&quot;:&quot;fadeInLeft&quot;}\">\n\t\t\t<div class=\"elementor-widget-wrap\">\n\t\t\t\t\t\t\t<\/div>\n\t\t<\/div>\n\t\t\t\t<div class=\"elementor-column elementor-col-33 elementor-inner-column elementor-element elementor-element-b034b07 elementor-invisible\" data-id=\"b034b07\" data-element_type=\"column\" data-settings=\"{&quot;animation&quot;:&quot;fadeInLeft&quot;}\">\n\t\t\t<div class=\"elementor-widget-wrap\">\n\t\t\t\t\t\t\t<\/div>\n\t\t<\/div>\n\t\t\t\t\t<\/div>\n\t\t<\/section>\n\t\t\t\t<section class=\"elementor-section elementor-inner-section elementor-element elementor-element-ebbce0f elementor-section-boxed elementor-section-height-default elementor-section-height-default wpr-particle-no wpr-jarallax-no wpr-parallax-no wpr-sticky-section-no wpr-equal-height-no\" data-id=\"ebbce0f\" data-element_type=\"section\">\n\t\t\t\t\t\t<div class=\"elementor-container elementor-column-gap-default\">\n\t\t\t\t\t<div class=\"elementor-column elementor-col-33 elementor-inner-column elementor-element elementor-element-7652197\" data-id=\"7652197\" data-element_type=\"column\" data-settings=\"{&quot;background_background&quot;:&quot;classic&quot;}\">\n\t\t\t<div class=\"elementor-widget-wrap elementor-element-populated\">\n\t\t\t\t\t<div class=\"elementor-background-overlay\"><\/div>\n\t\t\t\t\t\t<div class=\"elementor-element elementor-element-afd256c elementor-widget elementor-widget-counter\" data-id=\"afd256c\" data-element_type=\"widget\" data-widget_type=\"counter.default\">\n\t\t\t\t<div class=\"elementor-widget-container\">\n\t\t\t\t\t\t\t<div class=\"elementor-counter\">\n\t\t\t<div class=\"elementor-counter-title\">m\u00b2 Surface ext\u00e9rieure<\/div>\t\t\t<div class=\"elementor-counter-number-wrapper\">\n\t\t\t\t<span class=\"elementor-counter-number-prefix\">><\/span>\n\t\t\t\t<span class=\"elementor-counter-number\" data-duration=\"2000\" data-to-value=\"10000\" data-from-value=\"0\" data-delimiter=\",\">0<\/span>\n\t\t\t\t<span class=\"elementor-counter-number-suffix\"><\/span>\n\t\t\t<\/div>\n\t\t<\/div>\n\t\t\t\t\t\t<\/div>\n\t\t\t\t<\/div>\n\t\t\t\t\t<\/div>\n\t\t<\/div>\n\t\t\t\t<div class=\"elementor-column elementor-col-33 elementor-inner-column elementor-element elementor-element-2865c95\" data-id=\"2865c95\" data-element_type=\"column\" data-settings=\"{&quot;background_background&quot;:&quot;classic&quot;}\">\n\t\t\t<div class=\"elementor-widget-wrap elementor-element-populated\">\n\t\t\t\t\t<div class=\"elementor-background-overlay\"><\/div>\n\t\t\t\t\t\t<div class=\"elementor-element elementor-element-a8e11d5 elementor-widget elementor-widget-counter\" data-id=\"a8e11d5\" data-element_type=\"widget\" data-widget_type=\"counter.default\">\n\t\t\t\t<div class=\"elementor-widget-container\">\n\t\t\t\t\t\t\t<div class=\"elementor-counter\">\n\t\t\t<div class=\"elementor-counter-title\">Places debout<\/div>\t\t\t<div class=\"elementor-counter-number-wrapper\">\n\t\t\t\t<span class=\"elementor-counter-number-prefix\"><\/span>\n\t\t\t\t<span class=\"elementor-counter-number\" data-duration=\"2000\" data-to-value=\"70\" data-from-value=\"0\" data-delimiter=\",\">0<\/span>\n\t\t\t\t<span class=\"elementor-counter-number-suffix\"><\/span>\n\t\t\t<\/div>\n\t\t<\/div>\n\t\t\t\t\t\t<\/div>\n\t\t\t\t<\/div>\n\t\t\t\t\t<\/div>\n\t\t<\/div>\n\t\t\t\t<div class=\"elementor-column elementor-col-33 elementor-inner-column elementor-element elementor-element-5b68a6e\" data-id=\"5b68a6e\" data-element_type=\"column\" data-settings=\"{&quot;background_background&quot;:&quot;classic&quot;}\">\n\t\t\t<div class=\"elementor-widget-wrap elementor-element-populated\">\n\t\t\t\t\t<div class=\"elementor-background-overlay\"><\/div>\n\t\t\t\t\t\t<div class=\"elementor-element elementor-element-26d96df elementor-widget elementor-widget-counter\" data-id=\"26d96df\" data-element_type=\"widget\" data-widget_type=\"counter.default\">\n\t\t\t\t<div class=\"elementor-widget-container\">\n\t\t\t\t\t\t\t<div class=\"elementor-counter\">\n\t\t\t<div class=\"elementor-counter-title\">Places assises<\/div>\t\t\t<div class=\"elementor-counter-number-wrapper\">\n\t\t\t\t<span class=\"elementor-counter-number-prefix\"><\/span>\n\t\t\t\t<span class=\"elementor-counter-number\" data-duration=\"2000\" data-to-value=\"50\" data-from-value=\"0\" data-delimiter=\",\">0<\/span>\n\t\t\t\t<span class=\"elementor-counter-number-suffix\"><\/span>\n\t\t\t<\/div>\n\t\t<\/div>\n\t\t\t\t\t\t<\/div>\n\t\t\t\t<\/div>\n\t\t\t\t\t<\/div>\n\t\t<\/div>\n\t\t\t\t\t<\/div>\n\t\t<\/section>\n\t\t\t\t<section class=\"elementor-section elementor-inner-section elementor-element elementor-element-c2e5472 elementor-section-boxed elementor-section-height-default elementor-section-height-default wpr-particle-no wpr-jarallax-no wpr-parallax-no wpr-sticky-section-no wpr-equal-height-no\" data-id=\"c2e5472\" data-element_type=\"section\">\n\t\t\t\t\t\t<div class=\"elementor-container elementor-column-gap-default\">\n\t\t\t\t\t<div class=\"elementor-column elementor-col-100 elementor-inner-column elementor-element elementor-element-138ebd9\" data-id=\"138ebd9\" data-element_type=\"column\" data-settings=\"{&quot;background_background&quot;:&quot;classic&quot;}\">\n\t\t\t<div class=\"elementor-widget-wrap elementor-element-populated\">\n\t\t\t\t\t\t<div class=\"elementor-element elementor-element-83fa17a elementor-widget elementor-widget-menu-anchor\" data-id=\"83fa17a\" data-element_type=\"widget\" data-widget_type=\"menu-anchor.default\">\n\t\t\t\t<div class=\"elementor-widget-container\">\n\t\t\t\t\t\t\t<div class=\"elementor-menu-anchor\" id=\"Demande\"><\/div>\n\t\t\t\t\t\t<\/div>\n\t\t\t\t<\/div>\n\t\t\t\t<div class=\"elementor-element elementor-element-e655e4e elementor-widget elementor-widget-heading\" data-id=\"e655e4e\" data-element_type=\"widget\" data-widget_type=\"heading.default\">\n\t\t\t\t<div class=\"elementor-widget-container\">\n\t\t\t\t\t<h2 class=\"elementor-heading-title elementor-size-default\">V\u00e9rifier la disponibilit\u00e9 maintenant<\/h2>\t\t\t\t<\/div>\n\t\t\t\t<\/div>\n\t\t\t\t\t<\/div>\n\t\t<\/div>\n\t\t\t\t\t<\/div>\n\t\t<\/section>\n\t\t\t\t\t<\/div>\n\t\t<\/div>\n\t\t\t\t\t<\/div>\n\t\t<\/section>\n\t\t\t\t<\/div>\n\t\t","protected":false},"excerpt":{"rendered":"<p>GREENSQUARE D\u00dcREN Notre GREENSQUARE offre un lieu de formation et d&rsquo;\u00e9v\u00e9nement unique et sp\u00e9cial pour votre entreprise ou votre f\u00eate priv\u00e9e. Qu&rsquo;il s&rsquo;agisse de la formation de vos collaborateurs, d&rsquo;une pr\u00e9sentation de produit, d&rsquo;un mariage libre ou d&rsquo;une c\u00e9r\u00e9monie fun\u00e9raire, nous nous ferons un plaisir de planifier et d&rsquo;organiser votre \u00e9v\u00e9nement avec vous et de vous faire une offre. Entour\u00e9 de for\u00eats et de nature, il est situ\u00e9 au carrefour de l&rsquo;Allemagne, de la Belgique et des Pays-Bas et est \u00e9galement facile d&rsquo;acc\u00e8s pour les r\u00e9gions urbaines d&rsquo;Aix-la-Chapelle, de D\u00fcsseldorf, de Cologne et de Bonn. Demandez maintenant et r\u00e9servez un rendez-vous Surface d&rsquo;entra\u00eenement en plein air Votre espace d&rsquo;entra\u00eenement en plein air pour votre prochain \u00e9v\u00e9nement d&rsquo;entreprise. \u00c9v\u00e9nement Nous nous ferons un plaisir de planifier votre \u00e9v\u00e9nement et votre formation du d\u00e9but \u00e0 la fin, afin que vous et votre \u00e9quipe n&rsquo;ayez plus qu&rsquo;\u00e0 vous pr\u00e9senter. Traiteur Nous proposons le service de restauration pour vos manifestations, f\u00eates d&rsquo;entreprise et \u00e9v\u00e9nements ! m\u00b2 Surface ext\u00e9rieure > 0 Places debout 0 Places assises 0 V\u00e9rifier la disponibilit\u00e9 maintenant<\/p>\n","protected":false},"author":1,"featured_media":0,"parent":0,"menu_order":0,"comment_status":"closed","ping_status":"closed","template":"","meta":{"_mo_disable_npp":"","ocean_post_layout":"full-screen","ocean_both_sidebars_style":"","ocean_both_sidebars_content_width":0,"ocean_both_sidebars_sidebars_width":0,"ocean_sidebar":"0","ocean_second_sidebar":"0","ocean_disable_margins":"enable","ocean_add_body_class":"","ocean_shortcode_before_top_bar":"","ocean_shortcode_after_top_bar":"","ocean_shortcode_before_header":"","ocean_shortcode_after_header":"","ocean_has_shortcode":"","ocean_shortcode_after_title":"","ocean_shortcode_before_footer_widgets":"","ocean_shortcode_after_footer_widgets":"","ocean_shortcode_before_footer_bottom":"","ocean_shortcode_after_footer_bottom":"","ocean_display_top_bar":"off","ocean_display_header":"default","ocean_header_style":"","ocean_center_header_left_menu":"0","ocean_custom_header_template":"0","ocean_custom_logo":0,"ocean_custom_retina_logo":0,"ocean_custom_logo_max_width":0,"ocean_custom_logo_tablet_max_width":0,"ocean_custom_logo_mobile_max_width":0,"ocean_custom_logo_max_height":0,"ocean_custom_logo_tablet_max_height":0,"ocean_custom_logo_mobile_max_height":0,"ocean_header_custom_menu":"0","ocean_menu_typo_font_family":"0","ocean_menu_typo_font_subset":"","ocean_menu_typo_font_size":0,"ocean_menu_typo_font_size_tablet":0,"ocean_menu_typo_font_size_mobile":0,"ocean_menu_typo_font_size_unit":"px","ocean_menu_typo_font_weight":"","ocean_menu_typo_font_weight_tablet":"","ocean_menu_typo_font_weight_mobile":"","ocean_menu_typo_transform":"","ocean_menu_typo_transform_tablet":"","ocean_menu_typo_transform_mobile":"","ocean_menu_typo_line_height":0,"ocean_menu_typo_line_height_tablet":0,"ocean_menu_typo_line_height_mobile":0,"ocean_menu_typo_line_height_unit":"","ocean_menu_typo_spacing":0,"ocean_menu_typo_spacing_tablet":0,"ocean_menu_typo_spacing_mobile":0,"ocean_menu_typo_spacing_unit":"","ocean_menu_link_color":"","ocean_menu_link_color_hover":"","ocean_menu_link_color_active":"","ocean_menu_link_background":"","ocean_menu_link_hover_background":"","ocean_menu_link_active_background":"","ocean_menu_social_links_bg":"","ocean_menu_social_hover_links_bg":"","ocean_menu_social_links_color":"","ocean_menu_social_hover_links_color":"","ocean_disable_title":"on","ocean_disable_heading":"default","ocean_post_title":"","ocean_post_subheading":"","ocean_post_title_style":"","ocean_post_title_background_color":"","ocean_post_title_background":0,"ocean_post_title_bg_image_position":"","ocean_post_title_bg_image_attachment":"","ocean_post_title_bg_image_repeat":"","ocean_post_title_bg_image_size":"","ocean_post_title_height":0,"ocean_post_title_bg_overlay":0.5,"ocean_post_title_bg_overlay_color":"","ocean_disable_breadcrumbs":"default","ocean_breadcrumbs_color":"","ocean_breadcrumbs_separator_color":"","ocean_breadcrumbs_links_color":"","ocean_breadcrumbs_links_hover_color":"","ocean_display_footer_widgets":"on","ocean_display_footer_bottom":"default","ocean_custom_footer_template":"0","osh_disable_topbar_sticky":"default","osh_disable_header_sticky":"default","osh_sticky_header_style":"default","osh_sticky_header_effect":"","osh_custom_sticky_logo":0,"osh_custom_retina_sticky_logo":0,"osh_custom_sticky_logo_height":0,"osh_background_color":"","osh_links_color":"","osh_links_hover_color":"","osh_links_active_color":"","osh_links_bg_color":"","osh_links_hover_bg_color":"","osh_links_active_bg_color":"","osh_menu_social_links_color":"","osh_menu_social_hover_links_color":"","footnotes":""},"yoast_head":"<!-- This site is optimized with the Yoast SEO plugin v23.5 - https:\/\/yoast.com\/wordpress\/plugins\/seo\/ -->\n<title>GREENSQUARE D\u00fcren - LINKINGBIRDS<\/title>\n<meta name=\"description\" content=\"Le GREENSQUARE est un lieu de formation et d&#039;\u00e9v\u00e9nements unique, entour\u00e9 de nature et situ\u00e9 au carrefour de l&#039;Allemagne, de la Belgique et des Pays-Bas. Nous proposons une offre pour l&#039;organisation de manifestations d&#039;entreprise et d&#039;\u00e9v\u00e9nements de formation.\" \/>\n<meta name=\"robots\" content=\"index, follow, max-snippet:-1, max-image-preview:large, max-video-preview:-1\" \/>\n<link rel=\"canonical\" href=\"https:\/\/linkingbirds.com\/fr\/green-square-dueren\/\" \/>\n<meta property=\"og:locale\" content=\"fr_FR\" \/>\n<meta property=\"og:type\" content=\"article\" \/>\n<meta property=\"og:title\" content=\"GREENSQUARE D\u00fcren - LINKINGBIRDS\" \/>\n<meta property=\"og:description\" content=\"Le GREENSQUARE est un lieu de formation et d&#039;\u00e9v\u00e9nements unique, entour\u00e9 de nature et situ\u00e9 au carrefour de l&#039;Allemagne, de la Belgique et des Pays-Bas. Nous proposons une offre pour l&#039;organisation de manifestations d&#039;entreprise et d&#039;\u00e9v\u00e9nements de formation.\" \/>\n<meta property=\"og:url\" content=\"https:\/\/linkingbirds.com\/fr\/green-square-dueren\/\" \/>\n<meta property=\"og:site_name\" content=\"LINKINGBIRDS\" \/>\n<meta property=\"article:modified_time\" content=\"2024-05-14T09:51:24+00:00\" \/>\n<meta name=\"twitter:card\" content=\"summary_large_image\" \/>\n<meta name=\"twitter:label1\" content=\"Dur\u00e9e de lecture estim\u00e9e\" \/>\n\t<meta name=\"twitter:data1\" content=\"2 minutes\" \/>\n<script type=\"application\/ld+json\" class=\"yoast-schema-graph\">{\"@context\":\"https:\/\/schema.org\",\"@graph\":[{\"@type\":\"WebPage\",\"@id\":\"https:\/\/linkingbirds.com\/fr\/green-square-dueren\/\",\"url\":\"https:\/\/linkingbirds.com\/fr\/green-square-dueren\/\",\"name\":\"GREENSQUARE D\u00fcren - LINKINGBIRDS\",\"isPartOf\":{\"@id\":\"https:\/\/linkingbirds.com\/fr\/#website\"},\"datePublished\":\"2023-03-25T12:45:02+00:00\",\"dateModified\":\"2024-05-14T09:51:24+00:00\",\"description\":\"Le GREENSQUARE est un lieu de formation et d'\u00e9v\u00e9nements unique, entour\u00e9 de nature et situ\u00e9 au carrefour de l'Allemagne, de la Belgique et des Pays-Bas. Nous proposons une offre pour l'organisation de manifestations d'entreprise et d'\u00e9v\u00e9nements de formation.\",\"breadcrumb\":{\"@id\":\"https:\/\/linkingbirds.com\/fr\/green-square-dueren\/#breadcrumb\"},\"inLanguage\":\"fr-FR\",\"potentialAction\":[{\"@type\":\"ReadAction\",\"target\":[\"https:\/\/linkingbirds.com\/fr\/green-square-dueren\/\"]}]},{\"@type\":\"BreadcrumbList\",\"@id\":\"https:\/\/linkingbirds.com\/fr\/green-square-dueren\/#breadcrumb\",\"itemListElement\":[{\"@type\":\"ListItem\",\"position\":1,\"name\":\"Startseite\",\"item\":\"https:\/\/linkingbirds.com\/fr\/\"},{\"@type\":\"ListItem\",\"position\":2,\"name\":\"GREENSQUARE D\u00fcren\"}]},{\"@type\":\"WebSite\",\"@id\":\"https:\/\/linkingbirds.com\/fr\/#website\",\"url\":\"https:\/\/linkingbirds.com\/fr\/\",\"name\":\"LINKINGBIRDS\",\"description\":\"THE SMART LINK FOR YOUR TRAINING PROJECT\",\"publisher\":{\"@id\":\"https:\/\/linkingbirds.com\/fr\/#organization\"},\"potentialAction\":[{\"@type\":\"SearchAction\",\"target\":{\"@type\":\"EntryPoint\",\"urlTemplate\":\"https:\/\/linkingbirds.com\/fr\/?s={search_term_string}\"},\"query-input\":{\"@type\":\"PropertyValueSpecification\",\"valueRequired\":true,\"valueName\":\"search_term_string\"}}],\"inLanguage\":\"fr-FR\"},{\"@type\":\"Organization\",\"@id\":\"https:\/\/linkingbirds.com\/fr\/#organization\",\"name\":\"LINKINGBIRDS\",\"url\":\"https:\/\/linkingbirds.com\/fr\/\",\"logo\":{\"@type\":\"ImageObject\",\"inLanguage\":\"fr-FR\",\"@id\":\"https:\/\/linkingbirds.com\/fr\/#\/schema\/logo\/image\/\",\"url\":\"https:\/\/linkingbirds.com\/wp-content\/uploads\/2022\/12\/Schriftzug-Farbe.png\",\"contentUrl\":\"https:\/\/linkingbirds.com\/wp-content\/uploads\/2022\/12\/Schriftzug-Farbe.png\",\"width\":3250,\"height\":386,\"caption\":\"LINKINGBIRDS\"},\"image\":{\"@id\":\"https:\/\/linkingbirds.com\/fr\/#\/schema\/logo\/image\/\"}}]}<\/script>\n<!-- \/ Yoast SEO plugin. -->","yoast_head_json":{"title":"GREENSQUARE D\u00fcren - LINKINGBIRDS","description":"Le GREENSQUARE est un lieu de formation et d'\u00e9v\u00e9nements unique, entour\u00e9 de nature et situ\u00e9 au carrefour de l'Allemagne, de la Belgique et des Pays-Bas. Nous proposons une offre pour l'organisation de manifestations d'entreprise et d'\u00e9v\u00e9nements de formation.","robots":{"index":"index","follow":"follow","max-snippet":"max-snippet:-1","max-image-preview":"max-image-preview:large","max-video-preview":"max-video-preview:-1"},"canonical":"https:\/\/linkingbirds.com\/fr\/green-square-dueren\/","og_locale":"fr_FR","og_type":"article","og_title":"GREENSQUARE D\u00fcren - LINKINGBIRDS","og_description":"Le GREENSQUARE est un lieu de formation et d'\u00e9v\u00e9nements unique, entour\u00e9 de nature et situ\u00e9 au carrefour de l'Allemagne, de la Belgique et des Pays-Bas. Nous proposons une offre pour l'organisation de manifestations d'entreprise et d'\u00e9v\u00e9nements de formation.","og_url":"https:\/\/linkingbirds.com\/fr\/green-square-dueren\/","og_site_name":"LINKINGBIRDS","article_modified_time":"2024-05-14T09:51:24+00:00","twitter_card":"summary_large_image","twitter_misc":{"Dur\u00e9e de lecture estim\u00e9e":"2 minutes"},"schema":{"@context":"https:\/\/schema.org","@graph":[{"@type":"WebPage","@id":"https:\/\/linkingbirds.com\/fr\/green-square-dueren\/","url":"https:\/\/linkingbirds.com\/fr\/green-square-dueren\/","name":"GREENSQUARE D\u00fcren - LINKINGBIRDS","isPartOf":{"@id":"https:\/\/linkingbirds.com\/fr\/#website"},"datePublished":"2023-03-25T12:45:02+00:00","dateModified":"2024-05-14T09:51:24+00:00","description":"Le GREENSQUARE est un lieu de formation et d'\u00e9v\u00e9nements unique, entour\u00e9 de nature et situ\u00e9 au carrefour de l'Allemagne, de la Belgique et des Pays-Bas. Nous proposons une offre pour l'organisation de manifestations d'entreprise et d'\u00e9v\u00e9nements de formation.","breadcrumb":{"@id":"https:\/\/linkingbirds.com\/fr\/green-square-dueren\/#breadcrumb"},"inLanguage":"fr-FR","potentialAction":[{"@type":"ReadAction","target":["https:\/\/linkingbirds.com\/fr\/green-square-dueren\/"]}]},{"@type":"BreadcrumbList","@id":"https:\/\/linkingbirds.com\/fr\/green-square-dueren\/#breadcrumb","itemListElement":[{"@type":"ListItem","position":1,"name":"Startseite","item":"https:\/\/linkingbirds.com\/fr\/"},{"@type":"ListItem","position":2,"name":"GREENSQUARE D\u00fcren"}]},{"@type":"WebSite","@id":"https:\/\/linkingbirds.com\/fr\/#website","url":"https:\/\/linkingbirds.com\/fr\/","name":"LINKINGBIRDS","description":"THE SMART LINK FOR YOUR TRAINING PROJECT","publisher":{"@id":"https:\/\/linkingbirds.com\/fr\/#organization"},"potentialAction":[{"@type":"SearchAction","target":{"@type":"EntryPoint","urlTemplate":"https:\/\/linkingbirds.com\/fr\/?s={search_term_string}"},"query-input":{"@type":"PropertyValueSpecification","valueRequired":true,"valueName":"search_term_string"}}],"inLanguage":"fr-FR"},{"@type":"Organization","@id":"https:\/\/linkingbirds.com\/fr\/#organization","name":"LINKINGBIRDS","url":"https:\/\/linkingbirds.com\/fr\/","logo":{"@type":"ImageObject","inLanguage":"fr-FR","@id":"https:\/\/linkingbirds.com\/fr\/#\/schema\/logo\/image\/","url":"https:\/\/linkingbirds.com\/wp-content\/uploads\/2022\/12\/Schriftzug-Farbe.png","contentUrl":"https:\/\/linkingbirds.com\/wp-content\/uploads\/2022\/12\/Schriftzug-Farbe.png","width":3250,"height":386,"caption":"LINKINGBIRDS"},"image":{"@id":"https:\/\/linkingbirds.com\/fr\/#\/schema\/logo\/image\/"}}]}},"_links":{"self":[{"href":"https:\/\/linkingbirds.com\/fr\/wp-json\/wp\/v2\/pages\/3575"}],"collection":[{"href":"https:\/\/linkingbirds.com\/fr\/wp-json\/wp\/v2\/pages"}],"about":[{"href":"https:\/\/linkingbirds.com\/fr\/wp-json\/wp\/v2\/types\/page"}],"author":[{"embeddable":true,"href":"https:\/\/linkingbirds.com\/fr\/wp-json\/wp\/v2\/users\/1"}],"replies":[{"embeddable":true,"href":"https:\/\/linkingbirds.com\/fr\/wp-json\/wp\/v2\/comments?post=3575"}],"version-history":[{"count":25,"href":"https:\/\/linkingbirds.com\/fr\/wp-json\/wp\/v2\/pages\/3575\/revisions"}],"predecessor-version":[{"id":8083,"href":"https:\/\/linkingbirds.com\/fr\/wp-json\/wp\/v2\/pages\/3575\/revisions\/8083"}],"wp:attachment":[{"href":"https:\/\/linkingbirds.com\/fr\/wp-json\/wp\/v2\/media?parent=3575"}],"curies":[{"name":"wp","href":"https:\/\/api.w.org\/{rel}","templated":true}]}}