{"id":3458,"date":"2023-03-25T14:55:47","date_gmt":"2023-03-25T12:55:47","guid":{"rendered":"http:\/\/linkingbirds.com\/mentions-legales\/"},"modified":"2023-04-17T10:22:35","modified_gmt":"2023-04-17T10:22:35","slug":"mentions-legales","status":"publish","type":"page","link":"https:\/\/linkingbirds.com\/fr\/mentions-legales\/","title":{"rendered":"Mentions l\u00e9gales"},"content":{"rendered":"\t\t<div data-elementor-type=\"wp-page\" data-elementor-id=\"3458\" class=\"elementor elementor-3458 elementor-2164\">\n\t\t\t\t\t\t<section class=\"elementor-section elementor-top-section elementor-element elementor-element-324ae6b elementor-section-boxed elementor-section-height-default elementor-section-height-default wpr-particle-no wpr-jarallax-no wpr-parallax-no wpr-sticky-section-no wpr-equal-height-no\" data-id=\"324ae6b\" data-element_type=\"section\">\n\t\t\t\t\t\t<div class=\"elementor-container elementor-column-gap-default\">\n\t\t\t\t\t<div class=\"elementor-column elementor-col-100 elementor-top-column elementor-element elementor-element-185a5b5\" data-id=\"185a5b5\" data-element_type=\"column\">\n\t\t\t<div class=\"elementor-widget-wrap elementor-element-populated\">\n\t\t\t\t\t\t<div class=\"elementor-element elementor-element-efb7881 elementor-widget elementor-widget-heading\" data-id=\"efb7881\" data-element_type=\"widget\" data-widget_type=\"heading.default\">\n\t\t\t\t<div class=\"elementor-widget-container\">\n\t\t\t\t\t<h2 class=\"elementor-heading-title elementor-size-default\">Mentions l\u00e9gales<\/h2>\t\t\t\t<\/div>\n\t\t\t\t<\/div>\n\t\t\t\t<div class=\"elementor-element elementor-element-ade0287 elementor-widget elementor-widget-heading\" data-id=\"ade0287\" data-element_type=\"widget\" data-widget_type=\"heading.default\">\n\t\t\t\t<div class=\"elementor-widget-container\">\n\t\t\t\t\t<h3 class=\"elementor-heading-title elementor-size-default\">Informations selon \u00a75 TMG<\/h3>\t\t\t\t<\/div>\n\t\t\t\t<\/div>\n\t\t\t\t<div class=\"elementor-element elementor-element-66ea6a0 elementor-widget elementor-widget-text-editor\" data-id=\"66ea6a0\" data-element_type=\"widget\" data-widget_type=\"text-editor.default\">\n\t\t\t\t<div class=\"elementor-widget-container\">\n\t\t\t\t\t\t\t\t\t<div data-canvas-width=\"98.76000000000002\">LINKINGBIRDS<br \/>Gereon Hagenau<\/div>\n<div data-canvas-width=\"141.30666666666667\">20, rue de Schevenh\u00fctten<\/div>\n<div data-canvas-width=\"78.46666666666667\">52355 D\u00fcren<\/div>\n\t\t\t\t\t\t\t\t<\/div>\n\t\t\t\t<\/div>\n\t\t\t\t<div class=\"elementor-element elementor-element-b1f166a elementor-widget elementor-widget-heading\" data-id=\"b1f166a\" data-element_type=\"widget\" data-widget_type=\"heading.default\">\n\t\t\t\t<div class=\"elementor-widget-container\">\n\t\t\t\t\t<h3 class=\"elementor-heading-title elementor-size-default\">Contact<\/h3>\t\t\t\t<\/div>\n\t\t\t\t<\/div>\n\t\t\t\t<div class=\"elementor-element elementor-element-cc90bc4 elementor-widget elementor-widget-text-editor\" data-id=\"cc90bc4\" data-element_type=\"widget\" data-widget_type=\"text-editor.default\">\n\t\t\t\t<div class=\"elementor-widget-container\">\n\t\t\t\t\t\t\t\t\t<div data-canvas-width=\"98.76000000000002\">\n<div data-canvas-width=\"182.21333333333337\">T\u00e9l\u00e9phone : <a href=\"tel:+49%20(0)%20162%2040%2061%2065%208\">+49 (0) 162 40 61 65 8<\/a><\/div>\n<div data-canvas-width=\"197.65333333333336\">Courrier \u00e9lectronique : <a href=\"mailto:gereon@linkingsbirds.com\">gereon@linkingsbirds.com<\/a><\/div>\n<\/div>\n\t\t\t\t\t\t\t\t<\/div>\n\t\t\t\t<\/div>\n\t\t\t\t<div class=\"elementor-element elementor-element-31fa3e6 elementor-widget elementor-widget-heading\" data-id=\"31fa3e6\" data-element_type=\"widget\" data-widget_type=\"heading.default\">\n\t\t\t\t<div class=\"elementor-widget-container\">\n\t\t\t\t\t<h3 class=\"elementor-heading-title elementor-size-default\">Num\u00e9ro d'identification de la taxe sur le chiffre d'affaires<\/h3>\t\t\t\t<\/div>\n\t\t\t\t<\/div>\n\t\t\t\t<div class=\"elementor-element elementor-element-9725f51 elementor-widget elementor-widget-text-editor\" data-id=\"9725f51\" data-element_type=\"widget\" data-widget_type=\"text-editor.default\">\n\t\t\t\t<div class=\"elementor-widget-container\">\n\t\t\t\t\t\t\t\t\t<div data-canvas-width=\"98.76000000000002\">\n<div data-canvas-width=\"182.21333333333337\">\n<div data-canvas-width=\"424.9466666666668\">Num\u00e9ro d&rsquo;identification de la taxe sur le chiffre d&rsquo;affaires conform\u00e9ment au \u00a7 27 a de la loi sur la taxe sur le chiffre d&rsquo;affaires :<\/div>\n<div data-canvas-width=\"87.38666666666666\">FR357389532<\/div>\n<\/div>\n<\/div>\n\t\t\t\t\t\t\t\t<\/div>\n\t\t\t\t<\/div>\n\t\t\t\t<div class=\"elementor-element elementor-element-350524d elementor-widget elementor-widget-heading\" data-id=\"350524d\" data-element_type=\"widget\" data-widget_type=\"heading.default\">\n\t\t\t\t<div class=\"elementor-widget-container\">\n\t\t\t\t\t<h3 class=\"elementor-heading-title elementor-size-default\">Responsable de la r\u00e9daction<\/h3>\t\t\t\t<\/div>\n\t\t\t\t<\/div>\n\t\t\t\t<div class=\"elementor-element elementor-element-6bf69de elementor-widget elementor-widget-text-editor\" data-id=\"6bf69de\" data-element_type=\"widget\" data-widget_type=\"text-editor.default\">\n\t\t\t\t<div class=\"elementor-widget-container\">\n\t\t\t\t\t\t\t\t\t<div data-canvas-width=\"98.76000000000002\">\n<div data-canvas-width=\"182.21333333333337\">\n<div data-canvas-width=\"424.9466666666668\">\n<div data-canvas-width=\"98.76000000000002\">Gereon Hagenau<\/div>\n<div data-canvas-width=\"141.30666666666667\">20, rue de Schevenh\u00fctten<\/div>\n<div data-canvas-width=\"78.46666666666667\">52355 D\u00fcren<\/div>\n<\/div>\n<\/div>\n<\/div>\n\t\t\t\t\t\t\t\t<\/div>\n\t\t\t\t<\/div>\n\t\t\t\t<div class=\"elementor-element elementor-element-91032ba elementor-widget elementor-widget-heading\" data-id=\"91032ba\" data-element_type=\"widget\" data-widget_type=\"heading.default\">\n\t\t\t\t<div class=\"elementor-widget-container\">\n\t\t\t\t\t<h3 class=\"elementor-heading-title elementor-size-default\">R\u00e8glement des litiges de l'UE\n<\/h3>\t\t\t\t<\/div>\n\t\t\t\t<\/div>\n\t\t\t\t<div class=\"elementor-element elementor-element-5050275 elementor-widget elementor-widget-text-editor\" data-id=\"5050275\" data-element_type=\"widget\" data-widget_type=\"text-editor.default\">\n\t\t\t\t<div class=\"elementor-widget-container\">\n\t\t\t\t\t\t\t\t\t<div data-canvas-width=\"98.76000000000002\">\n<div data-canvas-width=\"182.21333333333337\">\n<div data-canvas-width=\"424.9466666666668\">\n<div data-canvas-width=\"98.76000000000002\">\n<div data-canvas-width=\"514.5466666666669\">La Commission europ\u00e9enne met \u00e0 disposition une plateforme de r\u00e8glement en ligne des litiges (RLL) :<\/div>\n<div data-canvas-width=\"216.89333333333335\"><a href=\"https:\/\/ec.europa.eu\/consumers\/odr\/\">https:\/\/ec.europa.eu\/consumers\/odr\/.<\/a><\/div>\n<div data-canvas-width=\"313.8000000000002\">Vous trouverez notre adresse e-mail en haut dans les mentions l\u00e9gales.<\/div>\n<\/div>\n<\/div>\n<\/div>\n<\/div>\n\t\t\t\t\t\t\t\t<\/div>\n\t\t\t\t<\/div>\n\t\t\t\t<div class=\"elementor-element elementor-element-f8065c3 elementor-widget elementor-widget-heading\" data-id=\"f8065c3\" data-element_type=\"widget\" data-widget_type=\"heading.default\">\n\t\t\t\t<div class=\"elementor-widget-container\">\n\t\t\t\t\t<h3 class=\"elementor-heading-title elementor-size-default\">R\u00e8glement des litiges de consommation \/ Organe universel de conciliation\n<\/h3>\t\t\t\t<\/div>\n\t\t\t\t<\/div>\n\t\t\t\t<div class=\"elementor-element elementor-element-4a16c22 elementor-widget elementor-widget-text-editor\" data-id=\"4a16c22\" data-element_type=\"widget\" data-widget_type=\"text-editor.default\">\n\t\t\t\t<div class=\"elementor-widget-container\">\n\t\t\t\t\t\t\t\t\t<div data-canvas-width=\"98.76000000000002\">\n<div data-canvas-width=\"182.21333333333337\">\n<div data-canvas-width=\"424.9466666666668\">\n<div data-canvas-width=\"98.76000000000002\">\n<div data-canvas-width=\"514.5466666666669\">\n<div data-canvas-width=\"449.5866666666667\">Nous ne sommes pas dispos\u00e9s ou oblig\u00e9s de participer \u00e0 des proc\u00e9dures de r\u00e8glement des litiges devant une instance de m\u00e9diation.<\/div>\n<div data-canvas-width=\"263.2000000000001\">\u00e0 un organisme de conciliation des consommateurs.<\/div>\n<\/div>\n<\/div>\n<\/div>\n<\/div>\n<\/div>\n\t\t\t\t\t\t\t\t<\/div>\n\t\t\t\t<\/div>\n\t\t\t\t<div class=\"elementor-element elementor-element-5d36baf elementor-widget elementor-widget-text-editor\" data-id=\"5d36baf\" data-element_type=\"widget\" data-widget_type=\"text-editor.default\">\n\t\t\t\t<div class=\"elementor-widget-container\">\n\t\t\t\t\t\t\t\t\t<div data-canvas-width=\"98.76000000000002\">\n<div data-canvas-width=\"182.21333333333337\">\n<div data-canvas-width=\"424.9466666666668\">\n<div data-canvas-width=\"98.76000000000002\">\n<div data-canvas-width=\"514.5466666666669\">\n<div data-canvas-width=\"449.5866666666667\">\n<div data-canvas-width=\"42.21333333333333\">Source :<\/div>\n<div data-canvas-width=\"313.88000000000005\"><a href=\"https:\/\/www.e-recht24.de\/impressum-generator.html\">https:\/\/www.e-recht24.de\/impressum-generator.html<\/a><\/div>\n<\/div>\n<\/div>\n<\/div>\n<\/div>\n<\/div>\n<\/div>\n\t\t\t\t\t\t\t\t<\/div>\n\t\t\t\t<\/div>\n\t\t\t\t\t<\/div>\n\t\t<\/div>\n\t\t\t\t\t<\/div>\n\t\t<\/section>\n\t\t\t\t<\/div>\n\t\t","protected":false},"excerpt":{"rendered":"<p>Mentions l\u00e9gales Informations selon \u00a75 TMG LINKINGBIRDSGereon Hagenau 20, rue de Schevenh\u00fctten 52355 D\u00fcren Contact T\u00e9l\u00e9phone : +49 (0) 162 40 61 65 8 Courrier \u00e9lectronique : gereon@linkingsbirds.com Num\u00e9ro d&rsquo;identification de la taxe sur le chiffre d&rsquo;affaires Num\u00e9ro d&rsquo;identification de la taxe sur le chiffre d&rsquo;affaires conform\u00e9ment au \u00a7 27 a de la loi sur la taxe sur le chiffre d&rsquo;affaires : FR357389532 Responsable de la r\u00e9daction Gereon Hagenau 20, rue de Schevenh\u00fctten 52355 D\u00fcren R\u00e8glement des litiges de l&rsquo;UE La Commission europ\u00e9enne met \u00e0 disposition une plateforme de r\u00e8glement en ligne des litiges (RLL) : https:\/\/ec.europa.eu\/consumers\/odr\/. Vous trouverez notre adresse e-mail en haut dans les mentions l\u00e9gales. R\u00e8glement des litiges de consommation \/ Organe universel de conciliation Nous ne sommes pas dispos\u00e9s ou oblig\u00e9s de participer \u00e0 des proc\u00e9dures de r\u00e8glement des litiges devant une instance de m\u00e9diation. \u00e0 un organisme de conciliation des consommateurs. Source : https:\/\/www.e-recht24.de\/impressum-generator.html<\/p>\n","protected":false},"author":1,"featured_media":0,"parent":0,"menu_order":0,"comment_status":"closed","ping_status":"closed","template":"","meta":{"_mo_disable_npp":"","ocean_post_layout":"full-screen","ocean_both_sidebars_style":"","ocean_both_sidebars_content_width":0,"ocean_both_sidebars_sidebars_width":0,"ocean_sidebar":"0","ocean_second_sidebar":"0","ocean_disable_margins":"enable","ocean_add_body_class":"","ocean_shortcode_before_top_bar":"","ocean_shortcode_after_top_bar":"","ocean_shortcode_before_header":"","ocean_shortcode_after_header":"","ocean_has_shortcode":"","ocean_shortcode_after_title":"","ocean_shortcode_before_footer_widgets":"","ocean_shortcode_after_footer_widgets":"","ocean_shortcode_before_footer_bottom":"","ocean_shortcode_after_footer_bottom":"","ocean_display_top_bar":"off","ocean_display_header":"default","ocean_header_style":"","ocean_center_header_left_menu":"0","ocean_custom_header_template":"0","ocean_custom_logo":0,"ocean_custom_retina_logo":0,"ocean_custom_logo_max_width":0,"ocean_custom_logo_tablet_max_width":0,"ocean_custom_logo_mobile_max_width":0,"ocean_custom_logo_max_height":0,"ocean_custom_logo_tablet_max_height":0,"ocean_custom_logo_mobile_max_height":0,"ocean_header_custom_menu":"0","ocean_menu_typo_font_family":"0","ocean_menu_typo_font_subset":"","ocean_menu_typo_font_size":0,"ocean_menu_typo_font_size_tablet":0,"ocean_menu_typo_font_size_mobile":0,"ocean_menu_typo_font_size_unit":"px","ocean_menu_typo_font_weight":"","ocean_menu_typo_font_weight_tablet":"","ocean_menu_typo_font_weight_mobile":"","ocean_menu_typo_transform":"","ocean_menu_typo_transform_tablet":"","ocean_menu_typo_transform_mobile":"","ocean_menu_typo_line_height":0,"ocean_menu_typo_line_height_tablet":0,"ocean_menu_typo_line_height_mobile":0,"ocean_menu_typo_line_height_unit":"","ocean_menu_typo_spacing":0,"ocean_menu_typo_spacing_tablet":0,"ocean_menu_typo_spacing_mobile":0,"ocean_menu_typo_spacing_unit":"","ocean_menu_link_color":"","ocean_menu_link_color_hover":"","ocean_menu_link_color_active":"","ocean_menu_link_background":"","ocean_menu_link_hover_background":"","ocean_menu_link_active_background":"","ocean_menu_social_links_bg":"","ocean_menu_social_hover_links_bg":"","ocean_menu_social_links_color":"","ocean_menu_social_hover_links_color":"","ocean_disable_title":"on","ocean_disable_heading":"default","ocean_post_title":"","ocean_post_subheading":"","ocean_post_title_style":"","ocean_post_title_background_color":"","ocean_post_title_background":0,"ocean_post_title_bg_image_position":"","ocean_post_title_bg_image_attachment":"","ocean_post_title_bg_image_repeat":"","ocean_post_title_bg_image_size":"","ocean_post_title_height":0,"ocean_post_title_bg_overlay":0.5,"ocean_post_title_bg_overlay_color":"","ocean_disable_breadcrumbs":"default","ocean_breadcrumbs_color":"","ocean_breadcrumbs_separator_color":"","ocean_breadcrumbs_links_color":"","ocean_breadcrumbs_links_hover_color":"","ocean_display_footer_widgets":"on","ocean_display_footer_bottom":"default","ocean_custom_footer_template":"0","osh_disable_topbar_sticky":"default","osh_disable_header_sticky":"default","osh_sticky_header_style":"default","osh_sticky_header_effect":"","osh_custom_sticky_logo":0,"osh_custom_retina_sticky_logo":0,"osh_custom_sticky_logo_height":0,"osh_background_color":"","osh_links_color":"","osh_links_hover_color":"","osh_links_active_color":"","osh_links_bg_color":"","osh_links_hover_bg_color":"","osh_links_active_bg_color":"","osh_menu_social_links_color":"","osh_menu_social_hover_links_color":"","footnotes":""},"yoast_head":"<!-- This site is optimized with the Yoast SEO plugin v23.5 - https:\/\/yoast.com\/wordpress\/plugins\/seo\/ -->\n<title>Mentions l\u00e9gales - LINKINGBIRDS<\/title>\n<meta name=\"robots\" content=\"index, follow, max-snippet:-1, max-image-preview:large, max-video-preview:-1\" \/>\n<link rel=\"canonical\" href=\"https:\/\/linkingbirds.com\/fr\/mentions-legales\/\" \/>\n<meta property=\"og:locale\" content=\"fr_FR\" \/>\n<meta property=\"og:type\" content=\"article\" \/>\n<meta property=\"og:title\" content=\"Mentions l\u00e9gales - LINKINGBIRDS\" \/>\n<meta property=\"og:description\" content=\"Mentions l\u00e9gales Informations selon \u00a75 TMG LINKINGBIRDSGereon Hagenau 20, rue de Schevenh\u00fctten 52355 D\u00fcren Contact T\u00e9l\u00e9phone : +49 (0) 162 40 61 65 8 Courrier \u00e9lectronique : gereon@linkingsbirds.com Num\u00e9ro d&rsquo;identification de la taxe sur le chiffre d&rsquo;affaires Num\u00e9ro d&rsquo;identification de la taxe sur le chiffre d&rsquo;affaires conform\u00e9ment au \u00a7 27 a de la loi sur la taxe sur le chiffre d&rsquo;affaires : FR357389532 Responsable de la r\u00e9daction Gereon Hagenau 20, rue de Schevenh\u00fctten 52355 D\u00fcren R\u00e8glement des litiges de l&rsquo;UE La Commission europ\u00e9enne met \u00e0 disposition une plateforme de r\u00e8glement en ligne des litiges (RLL) : https:\/\/ec.europa.eu\/consumers\/odr\/. Vous trouverez notre adresse e-mail en haut dans les mentions l\u00e9gales. R\u00e8glement des litiges de consommation \/ Organe universel de conciliation Nous ne sommes pas dispos\u00e9s ou oblig\u00e9s de participer \u00e0 des proc\u00e9dures de r\u00e8glement des litiges devant une instance de m\u00e9diation. \u00e0 un organisme de conciliation des consommateurs. Source : https:\/\/www.e-recht24.de\/impressum-generator.html\" \/>\n<meta property=\"og:url\" content=\"https:\/\/linkingbirds.com\/fr\/mentions-legales\/\" \/>\n<meta property=\"og:site_name\" content=\"LINKINGBIRDS\" \/>\n<meta property=\"article:modified_time\" content=\"2023-04-17T10:22:35+00:00\" \/>\n<meta name=\"twitter:card\" content=\"summary_large_image\" \/>\n<meta name=\"twitter:label1\" content=\"Dur\u00e9e de lecture estim\u00e9e\" \/>\n\t<meta name=\"twitter:data1\" content=\"1 minute\" \/>\n<script type=\"application\/ld+json\" class=\"yoast-schema-graph\">{\"@context\":\"https:\/\/schema.org\",\"@graph\":[{\"@type\":\"WebPage\",\"@id\":\"https:\/\/linkingbirds.com\/fr\/mentions-legales\/\",\"url\":\"https:\/\/linkingbirds.com\/fr\/mentions-legales\/\",\"name\":\"Mentions l\u00e9gales - LINKINGBIRDS\",\"isPartOf\":{\"@id\":\"https:\/\/linkingbirds.com\/fr\/#website\"},\"datePublished\":\"2023-03-25T12:55:47+00:00\",\"dateModified\":\"2023-04-17T10:22:35+00:00\",\"breadcrumb\":{\"@id\":\"https:\/\/linkingbirds.com\/fr\/mentions-legales\/#breadcrumb\"},\"inLanguage\":\"fr-FR\",\"potentialAction\":[{\"@type\":\"ReadAction\",\"target\":[\"https:\/\/linkingbirds.com\/fr\/mentions-legales\/\"]}]},{\"@type\":\"BreadcrumbList\",\"@id\":\"https:\/\/linkingbirds.com\/fr\/mentions-legales\/#breadcrumb\",\"itemListElement\":[{\"@type\":\"ListItem\",\"position\":1,\"name\":\"Startseite\",\"item\":\"https:\/\/linkingbirds.com\/fr\/\"},{\"@type\":\"ListItem\",\"position\":2,\"name\":\"Mentions l\u00e9gales\"}]},{\"@type\":\"WebSite\",\"@id\":\"https:\/\/linkingbirds.com\/fr\/#website\",\"url\":\"https:\/\/linkingbirds.com\/fr\/\",\"name\":\"LINKINGBIRDS\",\"description\":\"THE SMART LINK FOR YOUR TRAINING PROJECT\",\"publisher\":{\"@id\":\"https:\/\/linkingbirds.com\/fr\/#organization\"},\"potentialAction\":[{\"@type\":\"SearchAction\",\"target\":{\"@type\":\"EntryPoint\",\"urlTemplate\":\"https:\/\/linkingbirds.com\/fr\/?s={search_term_string}\"},\"query-input\":{\"@type\":\"PropertyValueSpecification\",\"valueRequired\":true,\"valueName\":\"search_term_string\"}}],\"inLanguage\":\"fr-FR\"},{\"@type\":\"Organization\",\"@id\":\"https:\/\/linkingbirds.com\/fr\/#organization\",\"name\":\"LINKINGBIRDS\",\"url\":\"https:\/\/linkingbirds.com\/fr\/\",\"logo\":{\"@type\":\"ImageObject\",\"inLanguage\":\"fr-FR\",\"@id\":\"https:\/\/linkingbirds.com\/fr\/#\/schema\/logo\/image\/\",\"url\":\"https:\/\/linkingbirds.com\/wp-content\/uploads\/2022\/12\/Schriftzug-Farbe.png\",\"contentUrl\":\"https:\/\/linkingbirds.com\/wp-content\/uploads\/2022\/12\/Schriftzug-Farbe.png\",\"width\":3250,\"height\":386,\"caption\":\"LINKINGBIRDS\"},\"image\":{\"@id\":\"https:\/\/linkingbirds.com\/fr\/#\/schema\/logo\/image\/\"}}]}<\/script>\n<!-- \/ Yoast SEO plugin. -->","yoast_head_json":{"title":"Mentions l\u00e9gales - LINKINGBIRDS","robots":{"index":"index","follow":"follow","max-snippet":"max-snippet:-1","max-image-preview":"max-image-preview:large","max-video-preview":"max-video-preview:-1"},"canonical":"https:\/\/linkingbirds.com\/fr\/mentions-legales\/","og_locale":"fr_FR","og_type":"article","og_title":"Mentions l\u00e9gales - LINKINGBIRDS","og_description":"Mentions l\u00e9gales Informations selon \u00a75 TMG LINKINGBIRDSGereon Hagenau 20, rue de Schevenh\u00fctten 52355 D\u00fcren Contact T\u00e9l\u00e9phone : +49 (0) 162 40 61 65 8 Courrier \u00e9lectronique : gereon@linkingsbirds.com Num\u00e9ro d&rsquo;identification de la taxe sur le chiffre d&rsquo;affaires Num\u00e9ro d&rsquo;identification de la taxe sur le chiffre d&rsquo;affaires conform\u00e9ment au \u00a7 27 a de la loi sur la taxe sur le chiffre d&rsquo;affaires : FR357389532 Responsable de la r\u00e9daction Gereon Hagenau 20, rue de Schevenh\u00fctten 52355 D\u00fcren R\u00e8glement des litiges de l&rsquo;UE La Commission europ\u00e9enne met \u00e0 disposition une plateforme de r\u00e8glement en ligne des litiges (RLL) : https:\/\/ec.europa.eu\/consumers\/odr\/. Vous trouverez notre adresse e-mail en haut dans les mentions l\u00e9gales. R\u00e8glement des litiges de consommation \/ Organe universel de conciliation Nous ne sommes pas dispos\u00e9s ou oblig\u00e9s de participer \u00e0 des proc\u00e9dures de r\u00e8glement des litiges devant une instance de m\u00e9diation. \u00e0 un organisme de conciliation des consommateurs. Source : https:\/\/www.e-recht24.de\/impressum-generator.html","og_url":"https:\/\/linkingbirds.com\/fr\/mentions-legales\/","og_site_name":"LINKINGBIRDS","article_modified_time":"2023-04-17T10:22:35+00:00","twitter_card":"summary_large_image","twitter_misc":{"Dur\u00e9e de lecture estim\u00e9e":"1 minute"},"schema":{"@context":"https:\/\/schema.org","@graph":[{"@type":"WebPage","@id":"https:\/\/linkingbirds.com\/fr\/mentions-legales\/","url":"https:\/\/linkingbirds.com\/fr\/mentions-legales\/","name":"Mentions l\u00e9gales - LINKINGBIRDS","isPartOf":{"@id":"https:\/\/linkingbirds.com\/fr\/#website"},"datePublished":"2023-03-25T12:55:47+00:00","dateModified":"2023-04-17T10:22:35+00:00","breadcrumb":{"@id":"https:\/\/linkingbirds.com\/fr\/mentions-legales\/#breadcrumb"},"inLanguage":"fr-FR","potentialAction":[{"@type":"ReadAction","target":["https:\/\/linkingbirds.com\/fr\/mentions-legales\/"]}]},{"@type":"BreadcrumbList","@id":"https:\/\/linkingbirds.com\/fr\/mentions-legales\/#breadcrumb","itemListElement":[{"@type":"ListItem","position":1,"name":"Startseite","item":"https:\/\/linkingbirds.com\/fr\/"},{"@type":"ListItem","position":2,"name":"Mentions l\u00e9gales"}]},{"@type":"WebSite","@id":"https:\/\/linkingbirds.com\/fr\/#website","url":"https:\/\/linkingbirds.com\/fr\/","name":"LINKINGBIRDS","description":"THE SMART LINK FOR YOUR TRAINING PROJECT","publisher":{"@id":"https:\/\/linkingbirds.com\/fr\/#organization"},"potentialAction":[{"@type":"SearchAction","target":{"@type":"EntryPoint","urlTemplate":"https:\/\/linkingbirds.com\/fr\/?s={search_term_string}"},"query-input":{"@type":"PropertyValueSpecification","valueRequired":true,"valueName":"search_term_string"}}],"inLanguage":"fr-FR"},{"@type":"Organization","@id":"https:\/\/linkingbirds.com\/fr\/#organization","name":"LINKINGBIRDS","url":"https:\/\/linkingbirds.com\/fr\/","logo":{"@type":"ImageObject","inLanguage":"fr-FR","@id":"https:\/\/linkingbirds.com\/fr\/#\/schema\/logo\/image\/","url":"https:\/\/linkingbirds.com\/wp-content\/uploads\/2022\/12\/Schriftzug-Farbe.png","contentUrl":"https:\/\/linkingbirds.com\/wp-content\/uploads\/2022\/12\/Schriftzug-Farbe.png","width":3250,"height":386,"caption":"LINKINGBIRDS"},"image":{"@id":"https:\/\/linkingbirds.com\/fr\/#\/schema\/logo\/image\/"}}]}},"_links":{"self":[{"href":"https:\/\/linkingbirds.com\/fr\/wp-json\/wp\/v2\/pages\/3458"}],"collection":[{"href":"https:\/\/linkingbirds.com\/fr\/wp-json\/wp\/v2\/pages"}],"about":[{"href":"https:\/\/linkingbirds.com\/fr\/wp-json\/wp\/v2\/types\/page"}],"author":[{"embeddable":true,"href":"https:\/\/linkingbirds.com\/fr\/wp-json\/wp\/v2\/users\/1"}],"replies":[{"embeddable":true,"href":"https:\/\/linkingbirds.com\/fr\/wp-json\/wp\/v2\/comments?post=3458"}],"version-history":[{"count":2,"href":"https:\/\/linkingbirds.com\/fr\/wp-json\/wp\/v2\/pages\/3458\/revisions"}],"predecessor-version":[{"id":3470,"href":"https:\/\/linkingbirds.com\/fr\/wp-json\/wp\/v2\/pages\/3458\/revisions\/3470"}],"wp:attachment":[{"href":"https:\/\/linkingbirds.com\/fr\/wp-json\/wp\/v2\/media?parent=3458"}],"curies":[{"name":"wp","href":"https:\/\/api.w.org\/{rel}","templated":true}]}}